{"id":2624,"date":"2023-09-08T13:09:38","date_gmt":"2023-09-08T11:09:38","guid":{"rendered":"https:\/\/roding-mobility.de\/praktikum_abschlussarbeit\/"},"modified":"2023-10-05T11:06:04","modified_gmt":"2023-10-05T09:06:04","slug":"praktikum_abschlussarbeit","status":"publish","type":"page","link":"https:\/\/roding-mobility.de\/en\/praktikum_abschlussarbeit\/","title":{"rendered":"Praktikum Abschlussarbeit"},"content":{"rendered":"[vc_section full_width=&#8221;stretch_row_content&#8221; el_class=&#8221;main_header&#8221; css=&#8221;.vc_custom_1694171363049{margin-top: 0px !important;background-image: url(https:\/\/roding-mobility.de\/wp-content\/uploads\/2023\/09\/mechanic_working_1920-1.jpg?id=1961) !important;background-position: center !important;background-repeat: no-repeat !important;background-size: cover !important;}&#8221;][vc_row css=&#8221;.vc_custom_1693837760443{margin-top: 15rem !important;}&#8221;][vc_column][vc_row_inner][vc_column_inner][vc_column_text]\n<h3 class=\"vc_tta-panel-title\">WE ARE LOOKING FOR<\/h3>\n<h3 class=\"vc_tta-panel-title\"><strong>MOBILITY TALENTS<\/strong><\/h3>\n[\/vc_column_text][\/vc_column_inner][\/vc_row_inner][vc_row_inner][vc_column_inner width=&#8221;1\/4&#8243;][vc_icon type=&#8221;material&#8221; icon_material=&#8221;vc-material vc-material-arrow_downward&#8221; color=&#8221;white&#8221; size=&#8221;lg&#8221;][\/vc_column_inner][vc_column_inner width=&#8221;3\/4&#8243;][\/vc_column_inner][\/vc_row_inner][\/vc_column][\/vc_row][\/vc_section][vc_section css=&#8221;.vc_custom_1694167748648{margin-top: 0px !important;margin-bottom: 0px !important;padding-top: 0px !important;padding-bottom: 0px !important;}&#8221;][vc_row full_width=&#8221;stretch_row_content_no_spaces&#8221; css=&#8221;.vc_custom_1694174602092{margin-top: 100px !important;margin-bottom: 100px !important;}&#8221;][vc_column][vc_column_text]\n<h3 class=\"vc_tta-panel-title\"><strong>PRAKTIKUM &amp; ABSCHLUSSARBEIT<\/strong><\/h3>\n<h3 class=\"vc_tta-panel-title\">WIRF EINEN BLICK IN DEINE ZUKUNFT<\/h3>\n[\/vc_column_text][\/vc_column][\/vc_row][vc_row][vc_column width=&#8221;1\/2&#8243;][vc_column_text]\n<h3><span style=\"color: #00ccb8;\">DEIN SCH\u00dcLERPRAKTIKUM<\/span><\/h3>\n[\/vc_column_text][vc_column_text]\n<div class=\"wpb_text_column wpb_content_element \">\n<div class=\"wpb_wrapper\">\n<p>M\u00f6chtest du herausfinden, welcher Ausbildungsberuf am besten zu dir passt? Vielleicht m\u00f6chtest du auch einen Einblick in verschiedene technische Berufe gewinnen? Dann k\u00f6nnte ein Praktikum bei uns die richtige Gelegenheit f\u00fcr dich sein!<\/p>\n<p>In der Schule erwirbst du viel wichtiges theoretisches Wissen, was nat\u00fcrlich sehr wichtig ist. Der Arbeitsalltag in den verschiedenen Berufen gestaltet sich jedoch oft anders. Durch ein einw\u00f6chiges Sch\u00fclerpraktikum bei uns bekommst du die M\u00f6glichkeit, unseren Betrieb und unser Team n\u00e4her kennenzulernen. Du erh\u00e4ltst Einblicke in die Welt der Fahrzeug- und Fertigungstechnik und kannst selbst herausfinden, ob du ein praktisches Talent f\u00fcr einen unserer Berufe mitbringst.<\/p>\n<\/div>\n<\/div>\n[\/vc_column_text][vc_column_text]<a class=\"vc_general vc_btn3 vc_btn3-size-md vc_btn3-shape-square vc_btn3-style-classic vc_btn3-color-default\" href=\"https:\/\/roding-mobility.de\/en\/ausbildung\/\" title=\"Unsere Ausbildungsberufe\">UNSERE AUSBILDUNGSBERUFE<\/a>[\/vc_column_text][\/vc_column][vc_column width=&#8221;1\/2&#8243;][vc_single_image image=&#8221;2058&#8243; img_size=&#8221;full&#8221;][\/vc_column][\/vc_row][vc_row full_width=&#8221;stretch_row_content_no_spaces&#8221; css=&#8221;.vc_custom_1694174864202{margin-top: 100px !important;margin-bottom: 100px !important;}&#8221;][vc_column width=&#8221;2\/3&#8243;][vc_column_text]\n<h3><span style=\"color: #00ccb8;\">STUDIERENDE<\/span><\/h3>\n[\/vc_column_text][vc_column_text]\n<div class=\"wpb_text_column wpb_content_element \">\n<div class=\"wpb_wrapper\">\n<div class=\"wpb_column vc_column_container vc_col-sm-8\">\n<div class=\"vc_column-inner\">\n<div class=\"wpb_wrapper\">\n<div class=\"wpb_text_column wpb_content_element \">\n<div class=\"wpb_wrapper\">\n<p>Du studierst an einer technischen Hochschule oder Universit\u00e4t und m\u00f6chtest Einblicke in die Arbeitswelt eines Hightech-Unternehmens f\u00fcr Pr\u00e4zisionstechnik erhalten? Bei uns kannst du w\u00e4hrend jeder Phase der Hochschulausbildung praktische Erfahrungen sammeln, dich weiterentwickeln und wichtige Kontakte f\u00fcr deine sp\u00e4tere Karriere kn\u00fcpfen.<\/p>\n<\/div>\n<\/div>\n<\/div>\n<\/div>\n<\/div>\n<\/div>\n<\/div>\n[\/vc_column_text][\/vc_column][vc_column width=&#8221;1\/3&#8243;][\/vc_column][\/vc_row][vc_row equal_height=&#8221;yes&#8221;][vc_column width=&#8221;1\/2&#8243; el_class=&#8221;bordercl1&#8243; css=&#8221;.vc_custom_1694176254489{padding-top: 40px !important;padding-right: 40px !important;padding-bottom: 40px !important;padding-left: 40px !important;}&#8221;][vc_column_text]\n<h4>STUDENTISCHES PRAKTIKUM<\/h4>\n[\/vc_column_text][vc_column_text]<span>Du willst bereits w\u00e4hrend deines Studiums mehr Praxis- als H\u00f6rsaalluft schnuppern? Du m\u00f6chtest dein Praktikum anhand von realen Projekten in der Industrie machen? Du willst dein theoretisches Wissen schon w\u00e4hrend deines Studiums in der Praxis anwenden?<\/span><br \/>\n<span>Wir bieten dir die Chance, schon w\u00e4hrend deines Studiums wertvolle praktische Erfahrungen zu sammeln und vielleicht bereits den ersten Schritt deiner beruflichen Karriere zu machen.<\/span>[\/vc_column_text][\/vc_column][vc_column width=&#8221;1\/2&#8243; el_class=&#8221;bordercl2&#8243; css=&#8221;.vc_custom_1694176260458{padding-top: 40px !important;padding-right: 40px !important;padding-bottom: 40px !important;padding-left: 40px !important;}&#8221;][vc_column_text]\n<div class=\"wpb_text_column wpb_content_element \">\n<div class=\"wpb_wrapper\">\n<h4>WERKSTUDENTENT\u00c4TIGKEIT<\/h4>\n<\/div>\n<\/div>\n[\/vc_column_text][vc_column_text]Sammle Praxiserfahrung als Werkstudent*in parallel zu deinem Studium und gewinne Einblicke in die Welt der Roding Mobility. Lerne bereits vor dem Berufseinstieg die kleinen und gro\u00dfen Herausforderungen des Alltags kennen. Nebenbei finanzierst du dir dein Studium und kn\u00fcpfst Kontakte f\u00fcr deine sp\u00e4tere berufliche Zukunft.[\/vc_column_text][\/vc_column][\/vc_row][vc_row equal_height=&#8221;yes&#8221; css=&#8221;.vc_custom_1694176840331{margin-top: 80px !important;}&#8221;][vc_column width=&#8221;1\/2&#8243; el_class=&#8221;bordercl1&#8243; css=&#8221;.vc_custom_1694176254489{padding-top: 40px !important;padding-right: 40px !important;padding-bottom: 40px !important;padding-left: 40px !important;}&#8221;][vc_column_text]\n<h4>ABSCHLUSSARBEIT<\/h4>\n[\/vc_column_text][vc_column_text]Du ben\u00f6tigst eine Abschlussarbeit f\u00fcr dein Studium? Du m\u00f6chtest deine Abschlussarbeit nicht an der Hochschule sondern in der Industrie machen? Die Roding Mobility GmbH bietet dir genau diese M\u00f6glichkeit!<\/p>\n<p>Die Roding Mobility GmbH pflegt einen sehr engen Kontakt zu diversen Hochschulen und Universit\u00e4ten und wir haben immer interessante Themen f\u00fcr deine Bachelor- oder Master-Thesis in den verschiedensten Fachbereiche zur Auswahl. Aktuelle Themen findest du in unseren Stellenausschreibungen.<\/p>\n<p>Sollte kein passendes Thema offen sein, bewirb dich einfach initiativ bei uns mit deinem Wunsch-Fachgebiet und wir definieren gemeinsam mit dir und deiner Hochschule ein Thema, das den wissenschaftlichen Anforderungen und Anspr\u00fcchen gerecht wird.<\/p>\n[\/vc_column_text][\/vc_column][vc_column width=&#8221;1\/2&#8243; el_class=&#8221;bordercl2&#8243; css=&#8221;.vc_custom_1694176260458{padding-top: 40px !important;padding-right: 40px !important;padding-bottom: 40px !important;padding-left: 40px !important;}&#8221;][vc_column_text]\n<h4>THEMEN F\u00dcR ABSCHLUSSARBEITEN<\/h4>\n[\/vc_column_text][vc_column_text]\n<ul>\n<li><a href=\"https:\/\/roding-mobility.de\/en\/uncategorized\/bachelor-master-thesis-adas-autonomous-driving-for-sports-cars-in-small-series-m-f-d\/#1690362574252-28814b98-a53c9efb-5ae5b2d9-ce4c\" data-vc-accordion=\"\" data-vc-container=\".vc_tta-container\"><span class=\"vc_tta-title-text\">ADAS &amp; Autonomes Fahren f\u00fcr Sportwagen in der Kleinserie<\/span><\/a><\/li>\n<li>\n<p class=\"vc_tta-panel-title\"><a href=\"https:\/\/roding-mobility.de\/en\/uncategorized\/bachelor-master-thesis-functional-safety-in-small-series-production-m-f-d\/#1690362574252-28814b98-a53c9efb-5ae55989-edce\" data-vc-accordion=\"\" data-vc-container=\".vc_tta-container\"><span class=\"vc_tta-title-text\">Funktionale Sicherheit in der Kleinserie<\/span><\/a><\/p>\n<\/li>\n<\/ul>\n[\/vc_column_text][vc_column_text]Wir unterst\u00fctzen auch deine Initiative! Wenn du selbst ein interessantes technisches Thema f\u00fcr deine Abschlussarbeit hast und dieses gerne in Kooperation mit uns verwirklichen willst, dann lass es uns wissen.[\/vc_column_text][\/vc_column][\/vc_row][\/vc_section][vc_section full_width=&#8221;stretch_row_content&#8221; content_placement=&#8221;middle&#8221; css=&#8221;.vc_custom_1693829355387{margin-top: 0px !important;margin-bottom: 0px !important;border-top-width: 0px !important;border-bottom-width: 0px !important;padding-top: 0px !important;padding-bottom: 0px !important;}&#8221; el_class=&#8221;ansprechpartner&#8221;][vc_row equal_height=&#8221;yes&#8221; content_placement=&#8221;middle&#8221; css=&#8221;.vc_custom_1693829375453{margin-top: 0px !important;margin-bottom: 0px !important;border-top-width: 0px !important;border-bottom-width: 0px !important;padding-top: 0px !important;padding-bottom: 0px !important;background-color: #00ccb8 !important;}&#8221; el_id=&#8221;greenwrap&#8221;][vc_column width=&#8221;1\/3&#8243;][vc_column_text el_class=&#8221;upper&#8221;]\n<h3><strong>F\u00dcHLST DU DICH ANGESPROCHEN?\u00a0<\/strong><\/h3>\n[\/vc_column_text][vc_column_text]\n<h4>Einfach per Mail bewerben: jobs@roding-mobility.de<\/h4>\n[\/vc_column_text][vc_column_text]<strong>Wir freuen uns auf dich.<\/strong>[\/vc_column_text][\/vc_column][vc_column width=&#8221;1\/3&#8243;][vc_column_text]\n<p style=\"text-align: right;\"><strong>MARKUS MEISTER<\/strong><br \/>\nPersonalleiter<br \/>\nTel.\u00a0<a href=\"tel:00499461911060\">+49 (0) 9461 91106 \u2013 0<\/a><br \/>\nE-Mail <a href=\"mailto:jobs@roding-mobility.de\">jobs@roding-mobility.de<\/a><\/p>\n[\/vc_column_text][\/vc_column][vc_column width=&#8221;1\/3&#8243; css=&#8221;.vc_custom_1692268046156{margin-top: 0px !important;border-top-width: 0px !important;padding-top: 0px !important;}&#8221;][vc_single_image image=&#8221;2600&#8243; img_size=&#8221;large&#8221; css=&#8221;.vc_custom_1696489068507{margin-top: 0px !important;margin-bottom: 0px !important;border-top-width: 0px !important;border-bottom-width: 0px !important;padding-top: 0px !important;padding-bottom: 0px !important;}&#8221;][\/vc_column][\/vc_row][\/vc_section]\n","protected":false},"excerpt":{"rendered":"<p>[vc_section full_width=&#8221;stretch_row_content&#8221; el_class=&#8221;main_header&#8221; css=&#8221;.vc_custom_1694171363049{margin-top: 0px !important;background-image: url(https:\/\/roding-mobility.de\/wp-content\/uploads\/2023\/09\/mechanic_working_1920-1.jpg?id=1961) !important;background-position: center !important;background-repeat: no-repeat !important;background-size: cover !important;}&#8221;][vc_row css=&#8221;.vc_custom_1693837760443{margin-top: 15rem !important;}&#8221;][vc_column][vc_row_inner][vc_column_inner][vc_column_text] WE ARE LOOKING FOR MOBILITY TALENTS [\/vc_column_text][\/vc_column_inner][\/vc_row_inner][vc_row_inner][vc_column_inner width=&#8221;1\/4&#8243;][vc_icon type=&#8221;material&#8221; icon_material=&#8221;vc-material vc-material-arrow_downward&#8221; color=&#8221;white&#8221; size=&#8221;lg&#8221;][\/vc_column_inner][vc_column_inner width=&#8221;3\/4&#8243;][\/vc_column_inner][\/vc_row_inner][\/vc_column][\/vc_row][\/vc_section][vc_section css=&#8221;.vc_custom_1694167748648{margin-top: 0px !important;margin-bottom: 0px !important;padding-top: 0px !important;padding-bottom: 0px !important;}&#8221;][vc_row full_width=&#8221;stretch_row_content_no_spaces&#8221; css=&#8221;.vc_custom_1694174602092{margin-top: 100px !important;margin-bottom: 100px !important;}&#8221;][vc_column][vc_column_text] PRAKTIKUM &amp; ABSCHLUSSARBEIT WIRF [&hellip;]<\/p>\n","protected":false},"author":3,"featured_media":0,"parent":0,"menu_order":0,"comment_status":"closed","ping_status":"closed","template":"","meta":{"footnotes":""},"class_list":["post-2624","page","type-page","status-publish","hentry"],"_links":{"self":[{"href":"https:\/\/roding-mobility.de\/en\/wp-json\/wp\/v2\/pages\/2624","targetHints":{"allow":["GET"]}}],"collection":[{"href":"https:\/\/roding-mobility.de\/en\/wp-json\/wp\/v2\/pages"}],"about":[{"href":"https:\/\/roding-mobility.de\/en\/wp-json\/wp\/v2\/types\/page"}],"author":[{"embeddable":true,"href":"https:\/\/roding-mobility.de\/en\/wp-json\/wp\/v2\/users\/3"}],"replies":[{"embeddable":true,"href":"https:\/\/roding-mobility.de\/en\/wp-json\/wp\/v2\/comments?post=2624"}],"version-history":[{"count":2,"href":"https:\/\/roding-mobility.de\/en\/wp-json\/wp\/v2\/pages\/2624\/revisions"}],"predecessor-version":[{"id":2626,"href":"https:\/\/roding-mobility.de\/en\/wp-json\/wp\/v2\/pages\/2624\/revisions\/2626"}],"wp:attachment":[{"href":"https:\/\/roding-mobility.de\/en\/wp-json\/wp\/v2\/media?parent=2624"}],"curies":[{"name":"wp","href":"https:\/\/api.w.org\/{rel}","templated":true}]}}